{"id":178,"date":"2020-06-28T12:52:45","date_gmt":"2020-06-28T10:52:45","guid":{"rendered":"https:\/\/scuolalafilastrocca.com\/?page_id=178"},"modified":"2020-06-28T12:52:46","modified_gmt":"2020-06-28T10:52:46","slug":"chi-siamo","status":"publish","type":"page","link":"https:\/\/scuolalafilastrocca.com\/index.php\/chi-siamo\/","title":{"rendered":"Chi Siamo"},"content":{"rendered":"\n<p>La Filastrocca nasce nel 2002 fondata dalla Dott.ssa Clementina Madormo, in seguito ad un&#8217;esperienza trentennale nel campo scolastico. Ubicata nella citt\u00e0 di Rende, La Filastrocca offre una struttura dislocata su 300 mq pensata per costituire un luogo educativo in cui i bambini possano crescere e divertirsi svolgendo attivit\u00e0 finalizzate a favorire lo sviluppo delle abilit\u00e0 motorie, della fantasia, del linguaggio, della creativit\u00e0, del pensiero, oltre che promuovere la socializzazione.<\/p>\n\n\n\n<p>Un luogo ben strutturato \u00e8 necessario per mettere in atto un valido progetto educativo che promuova lo sviluppo del bambino in modo integrale ed armonico, fornendo risposte alla sua voglia di imparare, di stare con gli altri, di comunicare, partecipare, rispettandone l&#8217;originalit\u00e0.<\/p>\n\n\n\n<p>La qualit\u00e0 del servizio \u00e8 garantita dal personale educativo che, con competenza e professionalit\u00e0, si mette a disposizione dei bambini, proteggendo sensibilit\u00e0 e personalit\u00e0.<\/p>\n\n\n\n<p>La gestione della scuola \u00e8 familiare: insieme alla direttrice collaborano le figlie Dott.ssa Maria Vittoria Toscano e Dott.ssa Giulia Toscano.<\/p>\n\n\n\n<p><\/p>\n","protected":false},"excerpt":{"rendered":"<p>La Filastrocca nasce nel 2002 fondata dalla Dott.ssa Clementina Madormo, in seguito ad un&#8217;esperienza trentennale nel campo scolastico. Ubicata nella citt\u00e0 di Rende, La Filastrocca offre una struttura dislocata su 300 mq pensata per costituire un luogo educativo in cui i bambini possano crescere e divertirsi svolgendo attivit\u00e0 finalizzate a favorire lo sviluppo delle abilit\u00e0 &hellip; <\/p>\n<p class=\"link-more\"><a href=\"https:\/\/scuolalafilastrocca.com\/index.php\/chi-siamo\/\" class=\"more-link\">Continue reading<span class=\"screen-reader-text\"> &#8220;Chi Siamo&#8221;<\/span><\/a><\/p>\n","protected":false},"author":1,"featured_media":0,"parent":0,"menu_order":0,"comment_status":"closed","ping_status":"closed","template":"","meta":[],"_links":{"self":[{"href":"https:\/\/scuolalafilastrocca.com\/index.php\/wp-json\/wp\/v2\/pages\/178"}],"collection":[{"href":"https:\/\/scuolalafilastrocca.com\/index.php\/wp-json\/wp\/v2\/pages"}],"about":[{"href":"https:\/\/scuolalafilastrocca.com\/index.php\/wp-json\/wp\/v2\/types\/page"}],"author":[{"embeddable":true,"href":"https:\/\/scuolalafilastrocca.com\/index.php\/wp-json\/wp\/v2\/users\/1"}],"replies":[{"embeddable":true,"href":"https:\/\/scuolalafilastrocca.com\/index.php\/wp-json\/wp\/v2\/comments?post=178"}],"version-history":[{"count":1,"href":"https:\/\/scuolalafilastrocca.com\/index.php\/wp-json\/wp\/v2\/pages\/178\/revisions"}],"predecessor-version":[{"id":179,"href":"https:\/\/scuolalafilastrocca.com\/index.php\/wp-json\/wp\/v2\/pages\/178\/revisions\/179"}],"wp:attachment":[{"href":"https:\/\/scuolalafilastrocca.com\/index.php\/wp-json\/wp\/v2\/media?parent=178"}],"curies":[{"name":"wp","href":"https:\/\/api.w.org\/{rel}","templated":true}]}}